{"id":12,"date":"2020-06-24T18:03:03","date_gmt":"2020-06-24T18:03:03","guid":{"rendered":"http:\/\/webbieber.de\/?page_id=12"},"modified":"2020-07-04T13:07:16","modified_gmt":"2020-07-04T13:07:16","slug":"die-strickfilzerin","status":"publish","type":"page","link":"https:\/\/die-strickfilzerei.de\/?page_id=12","title":{"rendered":"Die Strickfilzerin"},"content":{"rendered":"\n<p>Vor einigen Jahren habe ich wieder zum Stricken gefunden, nach jahrelanger Abstinenz. Neben M\u00fctzen, Schals, Loops, Hoodies, Stulpen usw. habe ich dann auch die Filzerei entdeckt. Angefangen hab ich mit H\u00fcten um dann die Liebe zu Taschen zu entdecken.<\/p>\n\n\n\n<p>In der heutigen Zeit, wo es wieder gesch\u00e4tzt wird selbstgemachtes, selbstgen\u00e4htes oder auch aus eigener Produktion gemachtes zu kaufen, hoffe ich, dass vielleicht auch meine Unikate Liebhaber*innen finden, die sich diese handgefertigten St\u00fccke g\u00f6nnen m\u00f6chten. <\/p>\n\n\n\n<p>Nehmen Sie Kontakt zu mir auf &#8211; vielleicht kann ich ihnen weiterhelfen!<\/p>\n\n\n\n<figure class=\"wp-block-gallery columns-3 is-cropped wp-block-gallery-1 is-layout-flex wp-block-gallery-is-layout-flex\"><ul class=\"blocks-gallery-grid\"><li class=\"blocks-gallery-item\"><figure><img loading=\"lazy\" decoding=\"async\" width=\"1024\" height=\"611\" src=\"http:\/\/webbieber.de\/wp-content\/uploads\/2020\/06\/IMG_20200404_145017-1024x611.jpg\" alt=\"\" data-id=\"54\" data-link=\"http:\/\/webbieber.de\/?attachment_id=54\" class=\"wp-image-54\" srcset=\"https:\/\/die-strickfilzerei.de\/wp-content\/uploads\/2020\/06\/IMG_20200404_145017-1024x611.jpg 1024w, https:\/\/die-strickfilzerei.de\/wp-content\/uploads\/2020\/06\/IMG_20200404_145017-300x179.jpg 300w, https:\/\/die-strickfilzerei.de\/wp-content\/uploads\/2020\/06\/IMG_20200404_145017-768x458.jpg 768w\" sizes=\"auto, (max-width: 1024px) 100vw, 1024px\" \/><figcaption class=\"blocks-gallery-item__caption\">Umh\u00e4ngetasche<\/figcaption><\/figure><\/li><li class=\"blocks-gallery-item\"><figure><img loading=\"lazy\" decoding=\"async\" width=\"953\" height=\"1024\" src=\"http:\/\/webbieber.de\/wp-content\/uploads\/2020\/06\/IMG_20200411_115950-1-953x1024.jpg\" alt=\"\" data-id=\"55\" data-link=\"http:\/\/webbieber.de\/?attachment_id=55\" class=\"wp-image-55\" srcset=\"https:\/\/die-strickfilzerei.de\/wp-content\/uploads\/2020\/06\/IMG_20200411_115950-1-953x1024.jpg 953w, https:\/\/die-strickfilzerei.de\/wp-content\/uploads\/2020\/06\/IMG_20200411_115950-1-279x300.jpg 279w, https:\/\/die-strickfilzerei.de\/wp-content\/uploads\/2020\/06\/IMG_20200411_115950-1-768x825.jpg 768w, https:\/\/die-strickfilzerei.de\/wp-content\/uploads\/2020\/06\/IMG_20200411_115950-1.jpg 1680w\" sizes=\"auto, (max-width: 953px) 100vw, 953px\" \/><figcaption class=\"blocks-gallery-item__caption\">Rucksack<\/figcaption><\/figure><\/li><li class=\"blocks-gallery-item\"><figure><img loading=\"lazy\" decoding=\"async\" width=\"904\" height=\"1024\" src=\"http:\/\/webbieber.de\/wp-content\/uploads\/2020\/06\/IMG_20200516_123707-1-904x1024.jpg\" alt=\"\" data-id=\"57\" data-link=\"http:\/\/webbieber.de\/?attachment_id=57\" class=\"wp-image-57\" srcset=\"https:\/\/die-strickfilzerei.de\/wp-content\/uploads\/2020\/06\/IMG_20200516_123707-1-904x1024.jpg 904w, https:\/\/die-strickfilzerei.de\/wp-content\/uploads\/2020\/06\/IMG_20200516_123707-1-265x300.jpg 265w, https:\/\/die-strickfilzerei.de\/wp-content\/uploads\/2020\/06\/IMG_20200516_123707-1-768x869.jpg 768w, https:\/\/die-strickfilzerei.de\/wp-content\/uploads\/2020\/06\/IMG_20200516_123707-1.jpg 1680w\" sizes=\"auto, (max-width: 904px) 100vw, 904px\" \/><figcaption class=\"blocks-gallery-item__caption\">Umh\u00e4ngetasche f\u00fcr Girlies<\/figcaption><\/figure><\/li><li class=\"blocks-gallery-item\"><figure><img loading=\"lazy\" decoding=\"async\" width=\"1024\" height=\"472\" src=\"http:\/\/webbieber.de\/wp-content\/uploads\/2020\/07\/IMG_20200605_100301-1024x472.jpg\" alt=\"\" data-id=\"190\" data-link=\"http:\/\/webbieber.de\/?attachment_id=190\" class=\"wp-image-190\" srcset=\"https:\/\/die-strickfilzerei.de\/wp-content\/uploads\/2020\/07\/IMG_20200605_100301-1024x472.jpg 1024w, https:\/\/die-strickfilzerei.de\/wp-content\/uploads\/2020\/07\/IMG_20200605_100301-300x138.jpg 300w, https:\/\/die-strickfilzerei.de\/wp-content\/uploads\/2020\/07\/IMG_20200605_100301-768x354.jpg 768w, https:\/\/die-strickfilzerei.de\/wp-content\/uploads\/2020\/07\/IMG_20200605_100301-1536x707.jpg 1536w, https:\/\/die-strickfilzerei.de\/wp-content\/uploads\/2020\/07\/IMG_20200605_100301-2048x943.jpg 2048w\" sizes=\"auto, (max-width: 1024px) 100vw, 1024px\" \/><\/figure><\/li><li class=\"blocks-gallery-item\"><figure><img loading=\"lazy\" decoding=\"async\" width=\"1024\" height=\"811\" src=\"http:\/\/webbieber.de\/wp-content\/uploads\/2020\/07\/IMG_20200704_093245-6-1024x811.jpg\" alt=\"\" data-id=\"191\" data-link=\"http:\/\/webbieber.de\/?attachment_id=191\" class=\"wp-image-191\" srcset=\"https:\/\/die-strickfilzerei.de\/wp-content\/uploads\/2020\/07\/IMG_20200704_093245-6-1024x811.jpg 1024w, https:\/\/die-strickfilzerei.de\/wp-content\/uploads\/2020\/07\/IMG_20200704_093245-6-300x238.jpg 300w, https:\/\/die-strickfilzerei.de\/wp-content\/uploads\/2020\/07\/IMG_20200704_093245-6-768x608.jpg 768w, https:\/\/die-strickfilzerei.de\/wp-content\/uploads\/2020\/07\/IMG_20200704_093245-6-1536x1216.jpg 1536w, https:\/\/die-strickfilzerei.de\/wp-content\/uploads\/2020\/07\/IMG_20200704_093245-6-2048x1621.jpg 2048w\" sizes=\"auto, (max-width: 1024px) 100vw, 1024px\" \/><\/figure><\/li><li class=\"blocks-gallery-item\"><figure><img loading=\"lazy\" decoding=\"async\" width=\"1024\" height=\"810\" src=\"http:\/\/webbieber.de\/wp-content\/uploads\/2020\/07\/IMG_20200704_092454-1024x810.jpg\" alt=\"\" data-id=\"192\" data-link=\"http:\/\/webbieber.de\/?attachment_id=192\" class=\"wp-image-192\" srcset=\"https:\/\/die-strickfilzerei.de\/wp-content\/uploads\/2020\/07\/IMG_20200704_092454-1024x810.jpg 1024w, https:\/\/die-strickfilzerei.de\/wp-content\/uploads\/2020\/07\/IMG_20200704_092454-300x237.jpg 300w, https:\/\/die-strickfilzerei.de\/wp-content\/uploads\/2020\/07\/IMG_20200704_092454-768x607.jpg 768w, https:\/\/die-strickfilzerei.de\/wp-content\/uploads\/2020\/07\/IMG_20200704_092454-1536x1214.jpg 1536w, https:\/\/die-strickfilzerei.de\/wp-content\/uploads\/2020\/07\/IMG_20200704_092454-2048x1619.jpg 2048w\" sizes=\"auto, (max-width: 1024px) 100vw, 1024px\" \/><\/figure><\/li><li class=\"blocks-gallery-item\"><figure><img loading=\"lazy\" decoding=\"async\" width=\"1024\" height=\"606\" src=\"http:\/\/webbieber.de\/wp-content\/uploads\/2020\/07\/IMG_20200704_092102-1024x606.jpg\" alt=\"\" data-id=\"193\" data-link=\"http:\/\/webbieber.de\/?attachment_id=193\" class=\"wp-image-193\" srcset=\"https:\/\/die-strickfilzerei.de\/wp-content\/uploads\/2020\/07\/IMG_20200704_092102-1024x606.jpg 1024w, https:\/\/die-strickfilzerei.de\/wp-content\/uploads\/2020\/07\/IMG_20200704_092102-300x177.jpg 300w, https:\/\/die-strickfilzerei.de\/wp-content\/uploads\/2020\/07\/IMG_20200704_092102-768x454.jpg 768w, https:\/\/die-strickfilzerei.de\/wp-content\/uploads\/2020\/07\/IMG_20200704_092102-1536x909.jpg 1536w, https:\/\/die-strickfilzerei.de\/wp-content\/uploads\/2020\/07\/IMG_20200704_092102-2048x1212.jpg 2048w\" sizes=\"auto, (max-width: 1024px) 100vw, 1024px\" \/><\/figure><\/li><li class=\"blocks-gallery-item\"><figure><img loading=\"lazy\" decoding=\"async\" width=\"500\" height=\"361\" src=\"http:\/\/webbieber.de\/wp-content\/uploads\/2020\/07\/tasche.jpg\" alt=\"\" data-id=\"196\" data-full-url=\"http:\/\/webbieber.de\/wp-content\/uploads\/2020\/07\/tasche.jpg\" data-link=\"http:\/\/webbieber.de\/?attachment_id=196\" class=\"wp-image-196\" srcset=\"https:\/\/die-strickfilzerei.de\/wp-content\/uploads\/2020\/07\/tasche.jpg 500w, https:\/\/die-strickfilzerei.de\/wp-content\/uploads\/2020\/07\/tasche-300x217.jpg 300w\" sizes=\"auto, (max-width: 500px) 100vw, 500px\" \/><\/figure><\/li><\/ul><\/figure>\n","protected":false},"excerpt":{"rendered":"<p>Vor einigen Jahren habe ich wieder zum Stricken gefunden, nach jahrelanger Abstinenz. Neben M\u00fctzen, Schals, Loops, Hoodies, Stulpen usw. habe ich dann auch die Filzerei entdeckt. Angefangen hab ich mit H\u00fcten um dann die Liebe zu Taschen zu entdecken. In der heutigen Zeit, wo es wieder gesch\u00e4tzt wird selbstgemachtes, selbstgen\u00e4htes oder auch aus eigener Produktion [&hellip;]<\/p>\n","protected":false},"author":1,"featured_media":223,"parent":0,"menu_order":0,"comment_status":"open","ping_status":"closed","template":"","meta":{"sfsi_plus_gutenberg_text_before_share":"","sfsi_plus_gutenberg_show_text_before_share":"","sfsi_plus_gutenberg_icon_type":"","sfsi_plus_gutenberg_icon_alignemt":"","sfsi_plus_gutenburg_max_per_row":"","ngg_post_thumbnail":0,"footnotes":""},"class_list":["post-12","page","type-page","status-publish","has-post-thumbnail","hentry"],"jetpack_sharing_enabled":true,"_links":{"self":[{"href":"https:\/\/die-strickfilzerei.de\/index.php?rest_route=\/wp\/v2\/pages\/12","targetHints":{"allow":["GET"]}}],"collection":[{"href":"https:\/\/die-strickfilzerei.de\/index.php?rest_route=\/wp\/v2\/pages"}],"about":[{"href":"https:\/\/die-strickfilzerei.de\/index.php?rest_route=\/wp\/v2\/types\/page"}],"author":[{"embeddable":true,"href":"https:\/\/die-strickfilzerei.de\/index.php?rest_route=\/wp\/v2\/users\/1"}],"replies":[{"embeddable":true,"href":"https:\/\/die-strickfilzerei.de\/index.php?rest_route=%2Fwp%2Fv2%2Fcomments&post=12"}],"version-history":[{"count":7,"href":"https:\/\/die-strickfilzerei.de\/index.php?rest_route=\/wp\/v2\/pages\/12\/revisions"}],"predecessor-version":[{"id":219,"href":"https:\/\/die-strickfilzerei.de\/index.php?rest_route=\/wp\/v2\/pages\/12\/revisions\/219"}],"wp:featuredmedia":[{"embeddable":true,"href":"https:\/\/die-strickfilzerei.de\/index.php?rest_route=\/wp\/v2\/media\/223"}],"wp:attachment":[{"href":"https:\/\/die-strickfilzerei.de\/index.php?rest_route=%2Fwp%2Fv2%2Fmedia&parent=12"}],"curies":[{"name":"wp","href":"https:\/\/api.w.org\/{rel}","templated":true}]}}